{"id":73,"date":"2020-11-28T12:28:31","date_gmt":"2020-11-28T11:28:31","guid":{"rendered":"https:\/\/heimaterde.ruhr\/?page_id=73"},"modified":"2020-11-28T12:28:31","modified_gmt":"2020-11-28T11:28:31","slug":"impressum","status":"publish","type":"page","link":"https:\/\/heimaterde.ruhr\/?page_id=73","title":{"rendered":"Impressum"},"content":{"rendered":"<p>[et_pb_section fb_built=&#8220;1&#8243; _builder_version=&#8220;4.7.4&#8243; _module_preset=&#8220;default&#8220;][et_pb_row _builder_version=&#8220;4.7.4&#8243; _module_preset=&#8220;default&#8220;][et_pb_column _builder_version=&#8220;4.7.4&#8243; _module_preset=&#8220;default&#8220; type=&#8220;4_4&#8243;][et_pb_text _builder_version=&#8220;4.7.4&#8243; _module_preset=&#8220;default&#8220; hover_enabled=&#8220;0&#8243; sticky_enabled=&#8220;0&#8243;]<\/p>\n<h2 class=\"shared_content\" data-content-guid=\"u20607-2_content\"><strong>Impressum<\/strong><\/h2>\n<p class=\"shared_content\" data-content-guid=\"u20607-2_content\">\n<p id=\"u20607-2\" class=\"shared_content\" data-content-guid=\"u20607-2_content\"><strong>BANNEKE FEINKOST FL\u00dcSSIG<\/strong><\/p>\n<p id=\"u20607-4\" class=\"shared_content\" data-content-guid=\"u20607-4_content\">Banneke GmbH<br \/>Kreuzeskirchstra\u00dfe 37<br \/>45127 Essen<br \/>Deutschland<\/p>\n<p id=\"u20607-13\" class=\"shared_content\" data-content-guid=\"u20607-13_content\">Telefon: 0201 24771 0<br \/>Fax: 0201 24771 20<\/p>\n<p><span class=\"shared_content\" data-content-guid=\"u20607-19_0_content\">Web: <\/span><span id=\"u20607-17\" class=\"shared_content\" data-content-guid=\"u20607-17_content\"><a href=\"http:\/\/www.banneke.com\">www.banneke.com<\/a><a class=\"nonblock\" href=\"https:\/\/www.banneke.com\/\" target=\"_blank\" rel=\"noopener noreferrer\"><br \/><\/a><\/span>E-Mail: <a class=\"nonblock\" href=\"mailto:info@banneke.de\">info@banneke.de<\/a><\/p>\n<p id=\"u20607-24\" class=\"shared_content\" data-content-guid=\"u20607-24_content\">\n<p id=\"u20607-26\" class=\"shared_content\" data-content-guid=\"u20607-26_content\">Gesch\u00e4ftsf\u00fchrer: Werner Faber, Fabian Faber<\/p>\n<p id=\"u20607-28\" class=\"shared_content\" data-content-guid=\"u20607-28_content\">Zust\u00e4ndiges Gericht: Amtsgericht Essen<br \/>HRB Nummer: HRB 8895<br \/>Zust\u00e4ndiges Finanzamt: Essen<br \/>USt.Id.: DE 257 745 148<\/p>\n<p id=\"u20607-35\" class=\"shared_content\" data-content-guid=\"u20607-35_content\">\n<p id=\"u20607-37\" class=\"shared_content\" data-content-guid=\"u20607-37_content\"><strong>PRESSEKONTAKT<\/strong><\/p>\n<p id=\"u20607-39\" class=\"shared_content\" data-content-guid=\"u20607-39_content\">Martin Spicker<br \/>E-Mail: <a class=\"nonblock\" href=\"mailto:martin.spicker@tas-agentur.de\">martin.spicker@tas-agentur.de<br \/><\/a>Telefon: 0201 84224 &#8211; 276<\/p>\n<p id=\"u20607-46\" class=\"shared_content\" data-content-guid=\"u20607-46_content\">\n<p id=\"u20607-48\" class=\"shared_content\" data-content-guid=\"u20607-48_content\"><strong>BANKVERBINDUNG<\/strong><\/p>\n<p id=\"u20607-50\" class=\"shared_content\" data-content-guid=\"u20607-50_content\">Kontoinhaber: Banneke GmbH<br \/>Kreditinstitut: Geno Bank Essen eG<br \/>SWIFT: GENODEM1GBE<br \/>IBAN: DE15360604880541121202<\/p>\n<p id=\"u20607-58\" class=\"shared_content\" data-content-guid=\"u20607-58_content\">Sie erreichen unseren Kundendienst f\u00fcr Fragen Reklamationen und Beanstandungen unter Telefon: 0201 24771 0 sowie per Email unter info@banneke.de. F\u00fcr Anfragen k\u00f6nnen Sie auch das Kontaktformular auf unserer Internetseite nutzen.<\/p>\n<p id=\"u20607-59\" class=\"shared_content\" data-content-guid=\"u20607-59_content\">\n<p id=\"u20607-62\" class=\"shared_content\" data-content-guid=\"u20607-62_content\"><strong><span id=\"u20607-60\">URHEBERRECHT<\/span><\/strong><\/p>\n<p id=\"u20607-64\" class=\"shared_content\" data-content-guid=\"u20607-64_content\">Die Ver\u00f6ffentlichungen auf diesen Seiten unterliegen dem deutschen Urheberrecht. Vervielf\u00e4ltigung, Bearbeitung und jede Art der Verwertung ausserhalb der Grenzen des Urheberrechtes bed\u00fcrfen der schriftlichen Zustimmung der Firma Banneke GmbH.<\/p>\n<p id=\"u20607-65\" class=\"shared_content\" data-content-guid=\"u20607-65_content\">\n<p id=\"u20607-67\" class=\"shared_content\" data-content-guid=\"u20607-67_content\"><strong>HAFTUNG F\u00dcR DEN INHALT<\/strong><\/p>\n<p id=\"u20607-69\" class=\"shared_content\" data-content-guid=\"u20607-69_content\">Unsere Angaben zu Waren und Preise sind unverbindlich und freibleibend. Irrt\u00fcmer und Angebots\u00e4nderungen vorbehalten.<\/p>\n<p id=\"u20607-70\" class=\"shared_content\" data-content-guid=\"u20607-70_content\">\n<p id=\"u20607-73\" class=\"shared_content\" data-content-guid=\"u20607-73_content\"><strong><span id=\"u20607-71\">HAFTUNG F\u00dcR LINKS<\/span><\/strong><\/p>\n<p id=\"u20607-75\" class=\"shared_content\" data-content-guid=\"u20607-75_content\">Trotz sorgf\u00e4ltiger inhaltlicher Kontrolle wird keine Haftung f\u00fcr die Inhalte externer Links \u00fcbernommen. F\u00fcr den Inhalt der verlinkten Seiten sind ausschlie\u00dflich deren Betreiber verantwortlich.<\/p>\n<p id=\"u20607-76\" class=\"shared_content\" data-content-guid=\"u20607-76_content\">\n<p id=\"u20607-81\"><span class=\"shared_content\" data-content-guid=\"u20607-81_0_content\">Die Europ\u00e4ische Kommission stellt eine Plattform zur Online-Streitbeilegung (OS) bereit, die Sie hier finden <\/span><a class=\"nonblock\" href=\"https:\/\/ec.europa.eu\/consumers\/odr\/\" target=\"_blank\" rel=\"noopener noreferrer\"><span id=\"u20607-78\" class=\"shared_content\" data-content-guid=\"u20607-78_content\">https:\/\/ec.europa.eu\/consumers\/odr\/<\/span><\/a><span class=\"shared_content\" data-content-guid=\"u20607-81_2_content\">.<\/span><\/p>\n<p id=\"u20607-83\" class=\"shared_content\" data-content-guid=\"u20607-83_content\">Zur Teilnahme an einem Streitbeilegungsverfahren vor einer Verbraucherschlichtungsstelle sind wir nicht verpflichtet und nicht bereit.<\/p>\n<p id=\"u20607-87\" class=\"shared_content\" data-content-guid=\"u20607-87_content\"><a class=\"nonblock\" href=\"http:\/\/www.massvoll-geniessen.de\/\" target=\"_blank\" rel=\"noopener noreferrer\"><span id=\"u20607-85\" class=\"shared_content\" data-content-guid=\"u20607-85_content\">http:\/\/www.massvoll-geniessen.de<\/span><\/a><\/p>\n<p>[\/et_pb_text][\/et_pb_column][\/et_pb_row][\/et_pb_section]<\/p>\n","protected":false},"excerpt":{"rendered":"<p>Impressum BANNEKE FEINKOST FL\u00dcSSIG Banneke GmbHKreuzeskirchstra\u00dfe 3745127 EssenDeutschland Telefon: 0201 24771 0Fax: 0201 24771 20 Web: www.banneke.comE-Mail: info@banneke.de Gesch\u00e4ftsf\u00fchrer: Werner Faber, Fabian Faber Zust\u00e4ndiges Gericht: Amtsgericht EssenHRB Nummer: HRB 8895Zust\u00e4ndiges Finanzamt: EssenUSt.Id.: DE 257 745 148 PRESSEKONTAKT Martin SpickerE-Mail: martin.spicker@tas-agentur.deTelefon: 0201 84224 &#8211; 276 BANKVERBINDUNG Kontoinhaber: Banneke GmbHKreditinstitut: Geno Bank Essen eGSWIFT: GENODEM1GBEIBAN: DE15360604880541121202 Sie [&hellip;]<\/p>\n","protected":false},"author":1,"featured_media":0,"parent":0,"menu_order":0,"comment_status":"closed","ping_status":"closed","template":"","meta":{"_et_pb_use_builder":"on","_et_pb_old_content":"","_et_gb_content_width":""},"_links":{"self":[{"href":"https:\/\/heimaterde.ruhr\/index.php?rest_route=\/wp\/v2\/pages\/73"}],"collection":[{"href":"https:\/\/heimaterde.ruhr\/index.php?rest_route=\/wp\/v2\/pages"}],"about":[{"href":"https:\/\/heimaterde.ruhr\/index.php?rest_route=\/wp\/v2\/types\/page"}],"author":[{"embeddable":true,"href":"https:\/\/heimaterde.ruhr\/index.php?rest_route=\/wp\/v2\/users\/1"}],"replies":[{"embeddable":true,"href":"https:\/\/heimaterde.ruhr\/index.php?rest_route=%2Fwp%2Fv2%2Fcomments&post=73"}],"version-history":[{"count":2,"href":"https:\/\/heimaterde.ruhr\/index.php?rest_route=\/wp\/v2\/pages\/73\/revisions"}],"predecessor-version":[{"id":76,"href":"https:\/\/heimaterde.ruhr\/index.php?rest_route=\/wp\/v2\/pages\/73\/revisions\/76"}],"wp:attachment":[{"href":"https:\/\/heimaterde.ruhr\/index.php?rest_route=%2Fwp%2Fv2%2Fmedia&parent=73"}],"curies":[{"name":"wp","href":"https:\/\/api.w.org\/{rel}","templated":true}]}}