{"id":88,"date":"2020-11-28T12:52:08","date_gmt":"2020-11-28T11:52:08","guid":{"rendered":"https:\/\/heimaterde.ruhr\/?page_id=88"},"modified":"2020-11-28T12:52:15","modified_gmt":"2020-11-28T11:52:15","slug":"datenschutz","status":"publish","type":"page","link":"https:\/\/heimaterde.ruhr\/?page_id=88","title":{"rendered":"Datenschutz"},"content":{"rendered":"<p>[et_pb_section fb_built=&#8220;1&#8243; _builder_version=&#8220;4.7.4&#8243; _module_preset=&#8220;default&#8220;][et_pb_row _builder_version=&#8220;4.7.4&#8243; _module_preset=&#8220;default&#8220;][et_pb_column type=&#8220;4_4&#8243; _builder_version=&#8220;4.7.4&#8243; _module_preset=&#8220;default&#8220;][et_pb_text _builder_version=&#8220;4.7.4&#8243; _module_preset=&#8220;default&#8220;]<\/p>\n<h2 class=\"shared_content\" data-content-guid=\"u20607-2_content\"><strong>Impressum<\/strong><\/h2>\n<p class=\"shared_content\" data-content-guid=\"u20607-2_content\">\n<div class=\"museBGSize colelem shared_content\" id=\"u21571\" data-content-guid=\"u21571_content\"><\/div>\n<div class=\"clearfix colelem shared_content\" id=\"u21573-97\" data-content-guid=\"u21573-97_content\">\n<p id=\"u21573-2\"><strong>PRIVATSPH\u00c4RE UND DATENSCHUTZ<\/strong><\/p>\n<p id=\"u21573-3\">\u00a0<\/p>\n<p id=\"u21573-5\"><strong>DATENSCHUTZ<\/strong><\/p>\n<p id=\"u21573-6\">\u00a0<\/p>\n<p id=\"u21573-8\"><strong>Datenschutzerkl\u00e4rung<\/strong><\/p>\n<p id=\"u21573-10\">Wir freuen uns \u00fcber Ihr Interesse an unserer Website. Der Schutz Ihrer Privatsph\u00e4re ist f\u00fcr uns sehr wichtig. Nachstehend informieren wir Sie ausf\u00fchrlich \u00fcber den Umgang mit Ihren Daten.<\/p>\n<p id=\"u21573-11\">\u00a0<\/p>\n<p id=\"u21573-13\"><strong>Speicherung von Zugriffsdaten in Server-Logfiles<\/strong><\/p>\n<p id=\"u21573-15\">Sie k\u00f6nnen unsere Webseiten besuchen, ohne Angaben zu Ihrer Person zu machen. Wir speichern lediglich Zugriffsdaten in sogenannten Server-Logfiles, wie z.B. den Namen der angeforderten Datei, Datum und Uhrzeit des Abrufs, \u00fcbertragene Datenmenge und den anfragenden Provider. Diese Daten werden ausschlie\u00dflich zur Sicherstellung eines st\u00f6rungsfreien Betriebs der Seite und zur Verbesserung unseres Angebots ausgewertet und erlauben uns keinen R\u00fcckschluss auf Ihre Person.<\/p>\n<p id=\"u21573-16\">\u00a0<\/p>\n<p id=\"u21573-18\"><strong>Datenerhebung und -verwendung zur Vertragsabwicklung und bei Er\u00f6ffnung eines Kundenkontos<\/strong><\/p>\n<p id=\"u21573-20\">Wir erheben personenbezogene Daten, wenn Sie uns diese im Rahmen Ihrer Bestellung, bei einer Kontaktaufnahme mit uns (z.B. per Kontaktformular oder E-Mail) oder bei Er\u00f6ffnung eines Kundenkontos freiwillig mitteilen. Welche Daten erhoben werden, ist aus den jeweiligen Eingabeformularen ersichtlich. Wir verwenden die von Ihnen mitgeteilten Daten zur Vertragsabwicklung und Bearbeitung Ihrer Anfragen. Nach vollst\u00e4ndiger Abwicklung des Vertrages oder L\u00f6schung Ihres Kundenkontos werden Ihre Daten f\u00fcr die weitere Verwendung gesperrt und nach Ablauf der steuer- und handelsrechtlichen Aufbewahrungsfristen gel\u00f6scht, sofern Sie nicht ausdr\u00fccklich in eine weitere Nutzung Ihrer Daten eingewilligt haben oder wir uns eine dar\u00fcber hinausgehende Datenverwendung vorbehalten, die gesetzlich erlaubt ist und \u00fcber die wir Sie nachstehend informieren. Die L\u00f6schung Ihres Kundenkontos ist jederzeit m\u00f6glich und kann entweder durch eine Nachricht an die unten beschriebene Kontaktm\u00f6glichkeit oder \u00fcber eine daf\u00fcr vorgesehene Funktion im Kundenkonto erfolgen.<\/p>\n<p id=\"u21573-21\">\u00a0<\/p>\n<p id=\"u21573-23\"><strong>Datenweitergabe zur Vertragserf\u00fcllung<\/strong><\/p>\n<p id=\"u21573-25\">Zur Vertragserf\u00fcllung geben wir Ihre Daten an das mit der Lieferung beauftragte Versandunternehmen weiter, soweit dies zur Lieferung bestellter Waren erforderlich ist. Je nach dem, welchen Zahlungsdienstleister Sie im Bestellprozess ausw\u00e4hlen, geben wir zur Abwicklung von Zahlungen die hierf\u00fcr erhobenen Zahlungsdaten an das mit der Zahlung beauftragte Kreditinstitut und ggf. von uns beauftragte Zahlungsdienstleister weiter bzw. an den ausgew\u00e4hlten Zahlungsdienst. Zum Teil erheben die ausgew\u00e4hlten Zahlungsdienstleister diese Daten auch selbst, soweit Sie dort ein Konto anlegen. In diesem Fall m\u00fcssen Sie sich im Bestellprozess mit Ihren Zugangsdaten bei dem Zahlungsdienstleister anmelden. Es gilt insoweit die Datenschutzerkl\u00e4rung des jeweiligen Zahlungsdienstleisters.<\/p>\n<p id=\"u21573-26\">\u00a0<\/p>\n<p id=\"u21573-28\"><strong>Datenverwendung bei Anmeldung zum E-Mail-Newsletter<\/strong><\/p>\n<p id=\"u21573-30\">Wenn Sie sich zu unserem Newsletter anmelden, verwenden wir die hierf\u00fcr erforderlichen oder gesondert von Ihnen mitgeteilten Daten, um Ihnen regelm\u00e4\u00dfig unseren E-Mail-Newsletter entsprechend Ihrer Einwilligung zuzusenden. Die Abmeldung vom Newsletter ist jederzeit m\u00f6glich und kann entweder durch eine Nachricht an die unten beschriebene Kontaktm\u00f6glichkeit oder \u00fcber einen daf\u00fcr vorgesehenen Link im Newsletter erfolgen.<\/p>\n<p id=\"u21573-31\">\u00a0<\/p>\n<p id=\"u21573-33\"><strong>Verwendung von Cookies<\/strong><\/p>\n<p id=\"u21573-35\">Um den Besuch unserer Website attraktiv zu gestalten und die Nutzung bestimmter Funktionen zu erm\u00f6glichen, verwenden wir auf verschiedenen Seiten sogenannte Cookies. Hierbei handelt es sich um kleine Textdateien, die auf Ihrem Endger\u00e4t gespeichert werden. Einige der von uns verwendeten Cookies werden nach Ende der Browser-Sitzung, also nach Schlie\u00dfen Ihres Browsers, wieder gel\u00f6scht (sog. Sitzungs-Cookies). Andere Cookies verbleiben auf Ihrem Endger\u00e4t und erm\u00f6glichen uns, Ihren Browser beim n\u00e4chsten Besuch wiederzuerkennen (persistente Cookies). Sie k\u00f6nnen Ihren Browser so einstellen, dass Sie \u00fcber das Setzen von Cookies informiert werden und einzeln \u00fcber deren Annahme entscheiden oder die Annahme von Cookies f\u00fcr bestimmte F\u00e4lle oder generell ausschlie\u00dfen. Bei der Nichtannahme von Cookies kann die Funktionalit\u00e4t unserer Website eingeschr\u00e4nkt sein.<\/p>\n<p id=\"u21573-36\">\u00a0<\/p>\n<p id=\"u21573-38\"><strong>Einsatz von Google (Universal) Analytics zur Webanalyse<\/strong><\/p>\n<p id=\"u21573-40\">Diese Website benutzt Google (Universal) Analytics, einen Webanalysedienst der Google Inc. (www.google.de). Google (Universal) Analytics verwendet Methoden, die eine Analyse der Benutzung der Website durch Sie erm\u00f6glichen, wie zum Beispiel sog. \u201eCookies\u201c, Textdateien, die auf Ihrem Computer gespeichert werden. Die erzeugten Informationen \u00fcber Ihre Benutzung dieser Website werden in der Regel an einen Server von Google in den USA \u00fcbertragen und dort gespeichert. Durch die Aktivierung der IP-Anonymisierung auf dieser Webseite wird dabei die IP-Adresse vor der \u00dcbermittlung innerhalb der Mitgliedstaaten der Europ\u00e4ischen Union oder in anderen Vertragsstaaten des Abkommens \u00fcber den Europ\u00e4ischen Wirtschaftsraum gek\u00fcrzt. Nur in Ausnahmef\u00e4llen wird die volle IP-Adresse an einen Server von Google in den USA \u00fcbertragen und dort gek\u00fcrzt. Die im Rahmen von Google Analytics von Ihrem Browser \u00fcbermittelte anonymisierte IP-Adresse wird nicht mit anderen Daten von Google zusammengef\u00fchrt.<\/p>\n<p id=\"u21573-41\">\u00a0<\/p>\n<p id=\"u21573-43\">Sie k\u00f6nnen die Erfassung der durch das Cookie erzeugten und auf Ihre Nutzung der Website bezogenen Daten (inkl. Ihrer IP-Adresse) an Google sowie die Verarbeitung dieser Daten durch Google verhindern, indem Sie das unter dem folgenden Link verf\u00fcgbare Browser-Plugin herunterladen und installieren: http:\/\/tools.google.com\/dlpage\/gaoptout?hl=de<\/p>\n<p id=\"u21573-45\">Alternativ zum Browser-Plugin k\u00f6nnen Sie diesen Link klicken, um die Erfassung durch Google Analytics auf dieser Website zuk\u00fcnftig zu verhindern. Dabei wird ein Opt-Out-Cookie auf Ihrem Endger\u00e4t abgelegt. L\u00f6schen Sie Ihre Cookies, m\u00fcssen Sie den Link erneut klicken.<\/p>\n<p id=\"u21573-46\">\u00a0<\/p>\n<p id=\"u21573-48\"><strong>Youtube Video Plugins<\/strong><\/p>\n<p id=\"u21573-50\">Auf dieser Webseite werden Inhalte dritter Anbieter eingebunden. Diese Inhalte werden von Google Inc zur Verf\u00fcgung gestellt (\u201eAnbieter\u201c).<\/p>\n<p id=\"u21573-52\">Youtube wird betrieben von der Google Inc., 1600 Amphitheatre Parkway, Mountain View, CA 94043, USA (\u201eGoogle\u201c).<\/p>\n<p id=\"u21573-53\">\u00a0<\/p>\n<p id=\"u21573-55\">Bei Videos von Youtube, die auf unserer Seite eingebunden sind, ist die erweiterte Datenschutzeinstellung aktiviert. Das bedeutet, dass keine Informationen von Webseitenbesuchern bei Youtube erhoben und gespeichert werden, es sei denn, diese spielen das Video ab.<\/p>\n<p id=\"u21573-57\">Zweck und Umfang der Datenerhebung und die weitere Verarbeitung und Nutzung der Daten durch die Anbieter sowie Ihre diesbez\u00fcglichen Rechte und Einstellungsm\u00f6glichkeiten zum Schutz Ihrer Privatsph\u00e4re entnehmen Sie bitte den Datenschutzhinweise von Google http:\/\/www.google.com\/intl\/de\/+\/policy\/+1button.html.<\/p>\n<p id=\"u21573-58\">\u00a0<\/p>\n<p id=\"u21573-60\"><strong>Bewertungserinnerung durch Trusted Shops<\/strong><\/p>\n<p id=\"u21573-62\">Sofern Sie uns hierzu w\u00e4hrend oder nach Ihrer Bestellung Ihre ausdr\u00fcckliche Einwilligung erteilt haben, indem Sie eine entsprechende Checkbox aktiviert oder einen hierf\u00fcr vorgesehenen Button geklickt haben, \u00fcbermitteln wir Ihre E-Mail-Adresse f\u00fcr die Erinnerung zur Abgabe einer Bewertung Ihrer Bestellung an die Trusted Shops GmbH, Subbelrather Str. 15c, 50823 K\u00f6ln (www.trustedshops.de), damit diese Sie per E-Mail an die M\u00f6glichkeit zur Abgabe einer Bewertung erinnert. Diese Einwilligung kann jederzeit durch eine Nachricht an die unten beschriebene Kontaktm\u00f6glichkeit oder direkt gegen\u00fcber Trusted Shops widerrufen werden.<\/p>\n<p id=\"u21573-63\">\u00a0<\/p>\n<p id=\"u21573-65\"><strong>Einbindung des Trusted Shops Trustbadge<\/strong><\/p>\n<p id=\"u21573-66\">\u00a0<\/p>\n<p id=\"u21573-68\">Zur Anzeige unseres Trusted Shops G\u00fctesiegels und der gegebenenfalls gesammelten Bewertungen sowie zum Angebot der Trusted Shops Produkte f\u00fcr K\u00e4ufer nach einer Bestellung ist auf dieser Webseite das Trusted Shops Trustbadge eingebunden.<\/p>\n<p id=\"u21573-69\">\u00a0<\/p>\n<p id=\"u21573-71\">Dies dient der Wahrung unserer im Rahmen einer Interessensabw\u00e4gung \u00fcberwiegenden berechtigten Interessen an einer optimalen Vermarktung unseres Angebots. Das Trustbadge und die damit beworbenen Dienste sind ein Angebot der Trusted Shops GmbH, Subbelrather Str. 15C, 50823 K\u00f6ln.<\/p>\n<p id=\"u21573-72\">\u00a0<\/p>\n<p id=\"u21573-74\">Bei dem Aufruf des Trustbadge speichert der Webserver automatisch ein sogenanntes Server-Logfile, das z.B. Ihre IP-Adresse, Datum und Uhrzeit des Abrufs, \u00fcbertragene Datenmenge und den anfragenden Provider (Zugriffsdaten) enth\u00e4lt und den Abruf dokumentiert. Diese Zugriffsdaten werden nicht ausgewertet und sp\u00e4testens sieben Tagen nach Ende Ihres Seitenbesuchs automatisch \u00fcberschrieben.<\/p>\n<p id=\"u21573-75\">\u00a0<\/p>\n<p id=\"u21573-77\">Weitere personenbezogenen Daten werden lediglich an Trusted Shops \u00fcbertragen, soweit Sie sich nach Abschluss einer Bestellung f\u00fcr die Nutzung von Trusted Shops Produkten entscheiden oder sich bereits f\u00fcr die Nutzung registriert haben. In diesem Fall gilt die zwischen Ihnen und Trusted Shops getroffene vertragliche Vereinbarung.<\/p>\n<p id=\"u21573-78\">\u00a0<\/p>\n<p id=\"u21573-80\"><strong>Auskunftsrecht und Kontaktm\u00f6glichkeit<\/strong><\/p>\n<p id=\"u21573-82\">Sie haben ein Recht auf unentgeltliche Auskunft \u00fcber die bei uns zu Ihrer Person gespeicherten Daten sowie ggf. ein Recht auf Berichtigung, Sperrung oder L\u00f6schung dieser Daten. Bei Fragen zur Erhebung, Verarbeitung oder Nutzung Ihrer personenbezogenen Daten, bei Ausk\u00fcnften, Berichtigung, Sperrung oder L\u00f6schung von Daten sowie Widerruf erteilter Einwilligungen oder Widerspruch gegen eine bestimmte Datenverwendung wenden Sie sich bitte direkt an uns \u00fcber die Kontaktdaten in unserem Impressum.<\/p>\n<p id=\"u21573-83\">\u00a0<\/p>\n<p id=\"u21573-85\"><strong>rtbLab<\/strong><\/p>\n<p id=\"u21573-87\">Unsere Website nutzt den Analysedienst rtbLab. Anbieter ist die EASYmedia GmbH, L\u00f6hner Stra\u00dfe 12d, 44652 Herne, Deutschland. Aus den Daten k\u00f6nnen unter einem Pseudonym Nutzungsprofile erstellt werden. Dazu k\u00f6nnen Cookies eingesetzt werden. Bei Cookieshandelt es sich um kleine Textdateien, die lokal im Zwischenspeicher Ihres Internet-Browsers gespeichert werden. Die Cookies erm\u00f6glichen es, Ihren Browser wieder zu erkennen. Die mit den rtbLab-Technologien erhobenen Daten werden ohne die gesondert erteilte Zustimmung des Betroffenen nicht genutzt, Besucher unserer Website pers\u00f6nlich zu identifizieren und werden nicht mit personenbezogenen Daten \u00fcber den Tr\u00e4ger des Pseudonyms zusammengef\u00fchrt. rtbLab-Cookies verbleiben auf Ihrem Endger\u00e4t, bis Sie sie l\u00f6schen. Die Speicherung von rtbLab-Cookies erfolgt auf Grundlage von Art. 6 Abs. 1 lit. f DSGVO. Der Websitebetreiber hat ein berechtigtes Interesse an der anonymisierten Analyse des Nutzerverhaltens, um sowohl sein Webangebot als auch seine Werbung zu optimieren. Der Datenerhebung und -speicherung k\u00f6nnen Sie jederzeit mit Wirkung f\u00fcr die Zukunft widersprechen. Um einer Datenerhebung und -speicherung Ihrer Besucherdaten f\u00fcr die Zukunft zu widersprechen, k\u00f6nnen Sie unter nachfolgendem Link ein Opt-Out-Cookie von rtbLab beziehen, dieser bewirkt, dass zuk\u00fcnftig keine Besucherdaten Ihres Browsers bei rtbLab erhoben und gespeichert werden: login.rtbmarket.com\/index\/optout. Dadurch wird ein Opt-Out-Cookie von rtbLab gesetzt. Bitte l\u00f6schen Sie diesen Cookie nicht, solange Sie Ihren Widerspruch aufrecht erhalten m\u00f6chten.<\/p>\n<p id=\"u21573-88\">\u00a0<\/p>\n<p id=\"u21573-89\">\u00a0<\/p>\n<p id=\"u21573-91\"><strong>rtbLab Retargeting<\/strong><\/p>\n<p id=\"u21573-93\">Unsere Websites nutzen die Funktionen von rtbLab. Anbieter ist die EASYmedia GmbH,<\/p>\n<p id=\"u21573-95\">L\u00f6hner Stra\u00dfe 12d, 44652 Herne, Deutschland. Diese Funktion erm\u00f6glicht es die mit rtbLab Retargeting erstellten Werbe-Zielgruppen mit den ger\u00e4te\u00fcbergreifenden Funktionen von rtbLab. Auf diese Weise k\u00f6nnen interessenbezogene, personalisierte Werbebotschaften, die in Abh\u00e4ngigkeit Ihres fr\u00fcheren Nutzungs- und Surfverhaltens auf einem Endger\u00e4t (z.B. Handy) an Sie angepasst wurden auch auf einem anderen Ihrer Endger\u00e4te (z.B. Tablet oder PC) angezeigt werden. Haben Sie eine entsprechende Einwilligung erteilt, verkn\u00fcpft rtbLab zu diesem Zweck Ihren Web- und App-Browserverlauf mit Ihrem Endger\u00e4t. Der Datenerhebung und -speicherung k\u00f6nnen Sie jederzeit mit Wirkung f\u00fcr die Zukunft widersprechen. Um einer Datenerhebung und -speicherung Ihrer Besucherdaten f\u00fcr die Zukunft zu widersprechen, k\u00f6nnen Sie unter nachfolgendem Link ein Opt-Out-Cookie von rtbLab beziehen, dieser bewirkt, dass zuk\u00fcnftig keine Besucherdaten Ihres Browsers bei rtbLab erhoben und gespeichert werden: login.rtbmarket.com\/index\/optout . Dadurch wird ein Opt-Out-Cookie von rtbLab gesetzt. Bitte l\u00f6schen Sie diesen Cookie nicht, solange Sie Ihren Widerspruch aufrecht erhalten m\u00f6chten. Die Datenerfassung beruht auf Art. 6 Abs. 1 lit. f DSGVO. Das berechtigte Interesse ergibt sich daraus, dass der Websitebetreiber ein Interesse an der anonymisierten Analyse der Websitebesucher zu Werbezwecken hat.<\/p>\n<\/div>\n<p>[\/et_pb_text][\/et_pb_column][\/et_pb_row][\/et_pb_section]<\/p>\n","protected":false},"excerpt":{"rendered":"<p>Impressum PRIVATSPH\u00c4RE UND DATENSCHUTZ \u00a0 DATENSCHUTZ \u00a0 Datenschutzerkl\u00e4rung Wir freuen uns \u00fcber Ihr Interesse an unserer Website. Der Schutz Ihrer Privatsph\u00e4re ist f\u00fcr uns sehr wichtig. Nachstehend informieren wir Sie ausf\u00fchrlich \u00fcber den Umgang mit Ihren Daten. \u00a0 Speicherung von Zugriffsdaten in Server-Logfiles Sie k\u00f6nnen unsere Webseiten besuchen, ohne Angaben zu Ihrer Person zu machen. [&hellip;]<\/p>\n","protected":false},"author":1,"featured_media":0,"parent":0,"menu_order":0,"comment_status":"closed","ping_status":"closed","template":"","meta":{"_et_pb_use_builder":"on","_et_pb_old_content":"","_et_gb_content_width":""},"_links":{"self":[{"href":"https:\/\/heimaterde.ruhr\/index.php?rest_route=\/wp\/v2\/pages\/88"}],"collection":[{"href":"https:\/\/heimaterde.ruhr\/index.php?rest_route=\/wp\/v2\/pages"}],"about":[{"href":"https:\/\/heimaterde.ruhr\/index.php?rest_route=\/wp\/v2\/types\/page"}],"author":[{"embeddable":true,"href":"https:\/\/heimaterde.ruhr\/index.php?rest_route=\/wp\/v2\/users\/1"}],"replies":[{"embeddable":true,"href":"https:\/\/heimaterde.ruhr\/index.php?rest_route=%2Fwp%2Fv2%2Fcomments&post=88"}],"version-history":[{"count":2,"href":"https:\/\/heimaterde.ruhr\/index.php?rest_route=\/wp\/v2\/pages\/88\/revisions"}],"predecessor-version":[{"id":91,"href":"https:\/\/heimaterde.ruhr\/index.php?rest_route=\/wp\/v2\/pages\/88\/revisions\/91"}],"wp:attachment":[{"href":"https:\/\/heimaterde.ruhr\/index.php?rest_route=%2Fwp%2Fv2%2Fmedia&parent=88"}],"curies":[{"name":"wp","href":"https:\/\/api.w.org\/{rel}","templated":true}]}}